{"id":1322,"date":"2019-10-18T14:03:19","date_gmt":"2019-10-18T14:03:19","guid":{"rendered":"http:\/\/projects.indiead.ee\/raudviu\/referentsid\/"},"modified":"2025-04-04T08:53:04","modified_gmt":"2025-04-04T08:53:04","slug":"referentsid","status":"publish","type":"page","link":"https:\/\/www.raudviu.ee\/en\/referentsid\/","title":{"rendered":"References"},"content":{"rendered":"<div class=\"wpb-content-wrapper\"><p>[vc_row][vc_column][vc_empty_space][vc_column_text]<\/p>\n<table width=\"980\">\n<tbody>\n<tr>\n<td width=\"68\">Time<\/td>\n<td width=\"146\">Place<\/td>\n<td colspan=\"2\" width=\"456\">Project<\/td>\n<td colspan=\"2\" width=\"310\">Job<\/td>\n<\/tr>\n<tr>\n<td>2020<\/td>\n<td>Alizay, France<\/td>\n<td colspan=\"2\">Conveyor line change, 274,000 kg<\/td>\n<td colspan=\"2\">Disassembly\/assembly<\/td>\n<\/tr>\n<tr>\n<td>2020<\/td>\n<td>Oulu, Finland<\/td>\n<td colspan=\"2\">Wood chipping silos, handling equipment, 725,000 kg<\/td>\n<td colspan=\"2\">Assembly<\/td>\n<\/tr>\n<tr>\n<td>2020<\/td>\n<td>Kemi, Finland<\/td>\n<td colspan=\"2\">Replacing the bottom of the log melting conveyor<\/td>\n<td colspan=\"2\">Manufacture, disassembly, assembly<\/td>\n<\/tr>\n<tr>\n<td>2020<\/td>\n<td>Laanila, Finland<\/td>\n<td colspan=\"2\">Steel silo<\/td>\n<td colspan=\"2\">Manufacture, installation<\/td>\n<\/tr>\n<tr>\n<td>2020<\/td>\n<td>Sein\u00e4joki, Finland<\/td>\n<td colspan=\"2\">Biofuel handling equipment, silo, buildings<\/td>\n<td colspan=\"2\">Manufacture, installation<\/td>\n<\/tr>\n<tr>\n<td>2019<\/td>\n<td>Nym\u00f6lla, Sweden<\/td>\n<td colspan=\"2\">Debarking drum replacement, 283,000 kg<\/td>\n<td colspan=\"2\">Dismantling, installation<\/td>\n<\/tr>\n<tr>\n<td>2019<\/td>\n<td>P\u00e4rnu, Estonia<\/td>\n<td colspan=\"2\">Maintenance<\/td>\n<td colspan=\"2\">Maintenance<\/td>\n<\/tr>\n<tr>\n<td>2019<\/td>\n<td>Tartu, Estonia<\/td>\n<td colspan=\"2\">Maintenance<\/td>\n<td colspan=\"2\">Maintenance<\/td>\n<\/tr>\n<tr>\n<td>2019<\/td>\n<td>Tallinn, Estonia<\/td>\n<td colspan=\"2\">Maintenance<\/td>\n<td colspan=\"2\">Maintenance<\/td>\n<\/tr>\n<tr>\n<td>2019<\/td>\n<td>Kivenlahti, Finland<\/td>\n<td colspan=\"2\">Installation of biofuel handling equipment and silos, 370,000kg<\/td>\n<td colspan=\"2\">Manufacture, installation<\/td>\n<\/tr>\n<tr>\n<td>2019<\/td>\n<td>Kivenlahti, Finland<\/td>\n<td colspan=\"2\">Biofuel reception and screening building<\/td>\n<td colspan=\"2\">Design, manufacture, installation<\/td>\n<\/tr>\n<tr>\n<td>2018<\/td>\n<td>Heinola, Finland<\/td>\n<td colspan=\"2\">Upgrading of fuel handling equipment in boiler plant<\/td>\n<td colspan=\"2\">Dismantling, installation<\/td>\n<\/tr>\n<tr>\n<td>2018<\/td>\n<td>Tallinn, Estonia<\/td>\n<td colspan=\"2\">Maintenance<\/td>\n<td colspan=\"2\">Maintenance<\/td>\n<\/tr>\n<tr>\n<td>2018<\/td>\n<td>Naantali, Finland<\/td>\n<td colspan=\"2\">Biofuel reception, screening, and electrical buildings<\/td>\n<td colspan=\"2\">Design, manufacture, installation<\/td>\n<\/tr>\n<tr>\n<td>2018<\/td>\n<td>Tallinn, Estonia<\/td>\n<td colspan=\"2\">Steel frame for warehouse<\/td>\n<td colspan=\"2\">Design, manufacture<\/td>\n<\/tr>\n<tr>\n<td>2018<\/td>\n<td>Kalundborg, Denmark<\/td>\n<td colspan=\"2\">Biofuel sampling and screening buildings, silo roof<\/td>\n<td colspan=\"2\">Design, manufacture, installation<\/td>\n<\/tr>\n<tr>\n<td>2018<\/td>\n<td>P\u00e4rnu, Estonia<\/td>\n<td colspan=\"2\">Maintenance<\/td>\n<td colspan=\"2\">Maintenance<\/td>\n<\/tr>\n<tr>\n<td>2018<\/td>\n<td>Tallinn, Estonia<\/td>\n<td colspan=\"2\">Transport rails for concrete industry<\/td>\n<td colspan=\"2\">Manufacture<\/td>\n<\/tr>\n<tr>\n<td>2018<\/td>\n<td>V\u00e4ster\u00e5s, Sweden<\/td>\n<td colspan=\"2\">Biofuel reception, screening, and chipping buildings Silo roof<\/td>\n<td colspan=\"2\">Design, manufacture, installation<\/td>\n<\/tr>\n<tr>\n<td>2018<\/td>\n<td>Kaipola, Finland<\/td>\n<td colspan=\"2\">Installation of biofuel handling equipment, 93,000 kg<\/td>\n<td colspan=\"2\">Installation<\/td>\n<\/tr>\n<tr>\n<td>2017<\/td>\n<td>Tallinn, Estonia<\/td>\n<td colspan=\"2\">Maintenance<\/td>\n<td colspan=\"2\">Maintenance<\/td>\n<\/tr>\n<tr>\n<td>2017<\/td>\n<td>Tallinn, Estonia<\/td>\n<td colspan=\"2\">Manufacture of chain conveyor sprockets, 28 pcs<\/td>\n<td colspan=\"2\">Manufacture<\/td>\n<\/tr>\n<tr>\n<td>2017<\/td>\n<td>P\u00e4rnu, Estonia<\/td>\n<td colspan=\"2\">Maintenance<\/td>\n<td colspan=\"2\">Maintenance<\/td>\n<\/tr>\n<tr>\n<td>2017<\/td>\n<td>Pite\u00e5, Sweden<\/td>\n<td colspan=\"2\">Upgrading of biofuel screening equipment, 211,000 kg<\/td>\n<td colspan=\"2\">Dismantling, installation<\/td>\n<\/tr>\n<tr>\n<td>2017<\/td>\n<td>\u00c4\u00e4nekoski, Finland<\/td>\n<td colspan=\"2\">Manufacture and installation of belt conveyors, 60,000 kg<\/td>\n<td colspan=\"2\">Manufacture, installation<\/td>\n<\/tr>\n<tr>\n<td>2017<\/td>\n<td>Gothenburg, Sweden<\/td>\n<td colspan=\"2\">Manufacture and installation of silo roof<\/td>\n<td colspan=\"2\">Manufacture, installation<\/td>\n<\/tr>\n<tr>\n<td>2017<\/td>\n<td>Gothenburg, Sweden<\/td>\n<td colspan=\"2\">Installation of biofuel transport equipment, 29,000 kg<\/td>\n<td colspan=\"2\">Installation<\/td>\n<\/tr>\n<tr>\n<td>2017<\/td>\n<td>J\u00e4rvenp\u00e4\u00e4, Finland<\/td>\n<td colspan=\"2\">Insulation works<\/td>\n<td colspan=\"2\">Installation<\/td>\n<\/tr>\n<tr>\n<td>2017<\/td>\n<td>Venizel, France<\/td>\n<td colspan=\"2\">Manufacture and installation of D10V400 steel silo<\/td>\n<td colspan=\"2\">Manufacture, installation<\/td>\n<\/tr>\n<tr>\n<td>2017<\/td>\n<td>Venizel, France<\/td>\n<td colspan=\"2\">Manufacture and installation of silo roof<\/td>\n<td colspan=\"2\">Manufacture, installation<\/td>\n<\/tr>\n<tr>\n<td>2017<\/td>\n<td>Vantaa, Finland<\/td>\n<td colspan=\"2\">Biofuel reception and screening building. 2 fuel silo roofs<\/td>\n<td colspan=\"2\">Manufacture, installation<\/td>\n<\/tr>\n<tr>\n<td>2017<\/td>\n<td>Uppsala, Sweden<\/td>\n<td colspan=\"2\">Biofuel silo roof and handling equipment<\/td>\n<td colspan=\"2\">Manufacture, installation<\/td>\n<\/tr>\n<tr>\n<td>2016<\/td>\n<td>Uusikaupunki, Finland<\/td>\n<td colspan=\"2\">Installation of belt conveyors and fertiliser handling equipment, 345,000 kg<\/td>\n<td colspan=\"2\">Installation<\/td>\n<\/tr>\n<tr>\n<td>2016<\/td>\n<td>R\u00f8nne, Denmark<\/td>\n<td colspan=\"2\">Installation of biofuel transport and handling equipment, 383,000 kg<\/td>\n<td colspan=\"2\">Installation<\/td>\n<\/tr>\n<tr>\n<td>2016<\/td>\n<td>P\u00e4rnu, Estonia<\/td>\n<td colspan=\"2\">Maintenance<\/td>\n<td colspan=\"2\">Maintenance<\/td>\n<\/tr>\n<tr>\n<td>2016<\/td>\n<td>Tallinn, Estonia<\/td>\n<td colspan=\"2\">Maintenance<\/td>\n<td colspan=\"2\">Maintenance<\/td>\n<\/tr>\n<tr>\n<td>2016<\/td>\n<td>Tartu, Estonia<\/td>\n<td colspan=\"2\">Maintenance<\/td>\n<td colspan=\"2\">Maintenance<\/td>\n<\/tr>\n<tr>\n<td>2016<\/td>\n<td>\u00c4\u00e4nekoski, Finland<\/td>\n<td colspan=\"2\">Manufacture of chain and belt elevators<\/td>\n<td colspan=\"2\">Manufacture<\/td>\n<\/tr>\n<tr>\n<td>2016<\/td>\n<td>Tallinn, Estonia<\/td>\n<td colspan=\"2\">Manufacture of belt conveyors, 44,000 kg<\/td>\n<td colspan=\"2\">Manufacture<\/td>\n<\/tr>\n<tr>\n<td>2016<\/td>\n<td>Mikkeli, Finland<\/td>\n<td colspan=\"2\">Biofuel reception and screening buildings. Biofuel silo<\/td>\n<td colspan=\"2\">Design, manufacture, installation<\/td>\n<\/tr>\n<tr>\n<td>2016<\/td>\n<td>Zabrze, Poland<\/td>\n<td colspan=\"2\">Biofuel silo roof, D = 27,000. 68,000 kg<\/td>\n<td colspan=\"2\">Manufacture, installation<\/td>\n<\/tr>\n<tr>\n<td>2016<\/td>\n<td>Bor\u00e5s, Sweden<\/td>\n<td colspan=\"2\">Biofuel silo roof, D = 22,500, 2 pcs. 80,000 kg<\/td>\n<td colspan=\"2\">Manufacture, installation<\/td>\n<\/tr>\n<tr>\n<td>2016<\/td>\n<td>Salmisaari, Finland<\/td>\n<td colspan=\"2\">Manufacture of steel silos, 8 pcs, 136,000 kg<\/td>\n<td colspan=\"2\">Manufacture<\/td>\n<\/tr>\n<tr>\n<td>2016<\/td>\n<td>Espoo, Finland<\/td>\n<td colspan=\"2\">Replacement of coal feeder base plates<\/td>\n<td colspan=\"2\">Design, manufacture, installation<\/td>\n<\/tr>\n<tr>\n<td>2015<\/td>\n<td>Tallinn, Estonia<\/td>\n<td colspan=\"2\">Maintenance<\/td>\n<td colspan=\"2\">Maintenance<\/td>\n<\/tr>\n<tr>\n<td>2015<\/td>\n<td>Tartu, Estonia<\/td>\n<td colspan=\"2\">Maintenance<\/td>\n<td colspan=\"2\">Maintenance<\/td>\n<\/tr>\n<tr>\n<td>2015<\/td>\n<td>P\u00e4rnu, Estonia<\/td>\n<td colspan=\"2\">Maintenance<\/td>\n<td colspan=\"2\">Maintenance<\/td>\n<\/tr>\n<tr>\n<td>2015<\/td>\n<td>V\u00e4ster\u00e5s, Sweden<\/td>\n<td colspan=\"2\">Waste conveyor ventilation duct, 110,000 kg<\/td>\n<td colspan=\"2\">Project management<\/td>\n<\/tr>\n<tr>\n<td>2015<\/td>\n<td>Nokia, Finland<\/td>\n<td colspan=\"2\">Biofuel reception and screening buildings. Silo roof and covering of walls<\/td>\n<td colspan=\"2\">Design, manufacture, installation<\/td>\n<\/tr>\n<tr>\n<td>2015<\/td>\n<td>Pite\u00e5, Sweden<\/td>\n<td colspan=\"2\">Installation of debarking drum and equipment, 545,000 kg<\/td>\n<td colspan=\"2\">Installation<\/td>\n<\/tr>\n<tr>\n<td>2015<\/td>\n<td>\u00c4\u00e4nekoski, Finland<\/td>\n<td colspan=\"2\">Replacement of conveyor systems<\/td>\n<td colspan=\"2\">Manufacture, disassembly, assembly<\/td>\n<\/tr>\n<\/tbody>\n<\/table>\n<p>[\/vc_column_text][\/vc_column][\/vc_row]<\/p>\n<\/div>","protected":false},"excerpt":{"rendered":"<p>[vc_row][vc_column][vc_empty_space][vc_column_text] Time Place Project Job 2020 Alizay, France Conveyor line change, 274,000 kg Disassembly\/assembly 2020 Oulu, Finland Wood chipping silos, handling equipment, 725,000 kg Assembly 2020 Kemi, Finland Replacing the bottom of the log melting conveyor Manufacture, disassembly, assembly 2020 Laanila, Finland Steel silo Manufacture, installation 2020 Sein\u00e4joki, Finland Biofuel handling equipment, silo, buildings Manufacture,<a href=\"https:\/\/www.raudviu.ee\/en\/referentsid\/\" class=\"more-link\">Read More<\/a><\/p>\n","protected":false},"author":3,"featured_media":0,"parent":0,"menu_order":0,"comment_status":"closed","ping_status":"closed","template":"","meta":{"footnotes":""},"class_list":["post-1322","page","type-page","status-publish","hentry"],"yoast_head":"<!-- This site is optimized with the Yoast SEO plugin v26.5 - https:\/\/yoast.com\/wordpress\/plugins\/seo\/ -->\n<title>References - Raudviu<\/title>\n<meta name=\"description\" content=\"Our activities include the manufacture and installation of industrial equipment and the design, construction and erection of non-residential buildings.\" \/>\n<meta name=\"robots\" content=\"index, follow, max-snippet:-1, max-image-preview:large, max-video-preview:-1\" \/>\n<link rel=\"canonical\" href=\"https:\/\/www.raudviu.ee\/en\/referentsid\/\" \/>\n<meta property=\"og:locale\" content=\"en_US\" \/>\n<meta property=\"og:type\" content=\"article\" \/>\n<meta property=\"og:title\" content=\"References - Raudviu\" \/>\n<meta property=\"og:description\" content=\"Our activities include the manufacture and installation of industrial equipment and the design, construction and erection of non-residential buildings.\" \/>\n<meta property=\"og:url\" content=\"https:\/\/www.raudviu.ee\/en\/referentsid\/\" \/>\n<meta property=\"og:site_name\" content=\"Raudviu\" \/>\n<meta property=\"article:modified_time\" content=\"2025-04-04T08:53:04+00:00\" \/>\n<meta name=\"twitter:card\" content=\"summary_large_image\" \/>\n<meta name=\"twitter:label1\" content=\"Est. reading time\" \/>\n\t<meta name=\"twitter:data1\" content=\"3 minutes\" \/>\n<script type=\"application\/ld+json\" class=\"yoast-schema-graph\">{\"@context\":\"https:\/\/schema.org\",\"@graph\":[{\"@type\":\"WebPage\",\"@id\":\"https:\/\/www.raudviu.ee\/en\/referentsid\/\",\"url\":\"https:\/\/www.raudviu.ee\/en\/referentsid\/\",\"name\":\"References - Raudviu\",\"isPartOf\":{\"@id\":\"https:\/\/www.raudviu.ee\/#website\"},\"datePublished\":\"2019-10-18T14:03:19+00:00\",\"dateModified\":\"2025-04-04T08:53:04+00:00\",\"description\":\"Our activities include the manufacture and installation of industrial equipment and the design, construction and erection of non-residential buildings.\",\"breadcrumb\":{\"@id\":\"https:\/\/www.raudviu.ee\/en\/referentsid\/#breadcrumb\"},\"inLanguage\":\"en-US\",\"potentialAction\":[{\"@type\":\"ReadAction\",\"target\":[\"https:\/\/www.raudviu.ee\/en\/referentsid\/\"]}]},{\"@type\":\"BreadcrumbList\",\"@id\":\"https:\/\/www.raudviu.ee\/en\/referentsid\/#breadcrumb\",\"itemListElement\":[{\"@type\":\"ListItem\",\"position\":1,\"name\":\"Home\",\"item\":\"https:\/\/raudviu.ee\/en\/\"},{\"@type\":\"ListItem\",\"position\":2,\"name\":\"References\"}]},{\"@type\":\"WebSite\",\"@id\":\"https:\/\/www.raudviu.ee\/#website\",\"url\":\"https:\/\/www.raudviu.ee\/\",\"name\":\"Raudviu\",\"description\":\"\",\"publisher\":{\"@id\":\"https:\/\/www.raudviu.ee\/#organization\"},\"potentialAction\":[{\"@type\":\"SearchAction\",\"target\":{\"@type\":\"EntryPoint\",\"urlTemplate\":\"https:\/\/www.raudviu.ee\/?s={search_term_string}\"},\"query-input\":{\"@type\":\"PropertyValueSpecification\",\"valueRequired\":true,\"valueName\":\"search_term_string\"}}],\"inLanguage\":\"en-US\"},{\"@type\":\"Organization\",\"@id\":\"https:\/\/www.raudviu.ee\/#organization\",\"name\":\"Raudviu\",\"url\":\"https:\/\/www.raudviu.ee\/\",\"logo\":{\"@type\":\"ImageObject\",\"inLanguage\":\"en-US\",\"@id\":\"https:\/\/www.raudviu.ee\/#\/schema\/logo\/image\/\",\"url\":\"https:\/\/raudviu.ee\/wp-content\/uploads\/2019\/12\/apple-icon-144x144-1.png\",\"contentUrl\":\"https:\/\/raudviu.ee\/wp-content\/uploads\/2019\/12\/apple-icon-144x144-1.png\",\"width\":144,\"height\":144,\"caption\":\"Raudviu\"},\"image\":{\"@id\":\"https:\/\/www.raudviu.ee\/#\/schema\/logo\/image\/\"}}]}<\/script>\n<!-- \/ Yoast SEO plugin. -->","yoast_head_json":{"title":"References - Raudviu","description":"Our activities include the manufacture and installation of industrial equipment and the design, construction and erection of non-residential buildings.","robots":{"index":"index","follow":"follow","max-snippet":"max-snippet:-1","max-image-preview":"max-image-preview:large","max-video-preview":"max-video-preview:-1"},"canonical":"https:\/\/www.raudviu.ee\/en\/referentsid\/","og_locale":"en_US","og_type":"article","og_title":"References - Raudviu","og_description":"Our activities include the manufacture and installation of industrial equipment and the design, construction and erection of non-residential buildings.","og_url":"https:\/\/www.raudviu.ee\/en\/referentsid\/","og_site_name":"Raudviu","article_modified_time":"2025-04-04T08:53:04+00:00","twitter_card":"summary_large_image","twitter_misc":{"Est. reading time":"3 minutes"},"schema":{"@context":"https:\/\/schema.org","@graph":[{"@type":"WebPage","@id":"https:\/\/www.raudviu.ee\/en\/referentsid\/","url":"https:\/\/www.raudviu.ee\/en\/referentsid\/","name":"References - Raudviu","isPartOf":{"@id":"https:\/\/www.raudviu.ee\/#website"},"datePublished":"2019-10-18T14:03:19+00:00","dateModified":"2025-04-04T08:53:04+00:00","description":"Our activities include the manufacture and installation of industrial equipment and the design, construction and erection of non-residential buildings.","breadcrumb":{"@id":"https:\/\/www.raudviu.ee\/en\/referentsid\/#breadcrumb"},"inLanguage":"en-US","potentialAction":[{"@type":"ReadAction","target":["https:\/\/www.raudviu.ee\/en\/referentsid\/"]}]},{"@type":"BreadcrumbList","@id":"https:\/\/www.raudviu.ee\/en\/referentsid\/#breadcrumb","itemListElement":[{"@type":"ListItem","position":1,"name":"Home","item":"https:\/\/raudviu.ee\/en\/"},{"@type":"ListItem","position":2,"name":"References"}]},{"@type":"WebSite","@id":"https:\/\/www.raudviu.ee\/#website","url":"https:\/\/www.raudviu.ee\/","name":"Raudviu","description":"","publisher":{"@id":"https:\/\/www.raudviu.ee\/#organization"},"potentialAction":[{"@type":"SearchAction","target":{"@type":"EntryPoint","urlTemplate":"https:\/\/www.raudviu.ee\/?s={search_term_string}"},"query-input":{"@type":"PropertyValueSpecification","valueRequired":true,"valueName":"search_term_string"}}],"inLanguage":"en-US"},{"@type":"Organization","@id":"https:\/\/www.raudviu.ee\/#organization","name":"Raudviu","url":"https:\/\/www.raudviu.ee\/","logo":{"@type":"ImageObject","inLanguage":"en-US","@id":"https:\/\/www.raudviu.ee\/#\/schema\/logo\/image\/","url":"https:\/\/raudviu.ee\/wp-content\/uploads\/2019\/12\/apple-icon-144x144-1.png","contentUrl":"https:\/\/raudviu.ee\/wp-content\/uploads\/2019\/12\/apple-icon-144x144-1.png","width":144,"height":144,"caption":"Raudviu"},"image":{"@id":"https:\/\/www.raudviu.ee\/#\/schema\/logo\/image\/"}}]}},"_links":{"self":[{"href":"https:\/\/www.raudviu.ee\/en\/wp-json\/wp\/v2\/pages\/1322","targetHints":{"allow":["GET"]}}],"collection":[{"href":"https:\/\/www.raudviu.ee\/en\/wp-json\/wp\/v2\/pages"}],"about":[{"href":"https:\/\/www.raudviu.ee\/en\/wp-json\/wp\/v2\/types\/page"}],"author":[{"embeddable":true,"href":"https:\/\/www.raudviu.ee\/en\/wp-json\/wp\/v2\/users\/3"}],"replies":[{"embeddable":true,"href":"https:\/\/www.raudviu.ee\/en\/wp-json\/wp\/v2\/comments?post=1322"}],"version-history":[{"count":5,"href":"https:\/\/www.raudviu.ee\/en\/wp-json\/wp\/v2\/pages\/1322\/revisions"}],"predecessor-version":[{"id":2446,"href":"https:\/\/www.raudviu.ee\/en\/wp-json\/wp\/v2\/pages\/1322\/revisions\/2446"}],"wp:attachment":[{"href":"https:\/\/www.raudviu.ee\/en\/wp-json\/wp\/v2\/media?parent=1322"}],"curies":[{"name":"wp","href":"https:\/\/api.w.org\/{rel}","templated":true}]}}