{"id":2100,"date":"2019-10-21T08:23:43","date_gmt":"2019-10-21T08:23:43","guid":{"rendered":"http:\/\/projects.indiead.ee\/raudviu\/teenused\/"},"modified":"2020-01-13T08:55:43","modified_gmt":"2020-01-13T08:55:43","slug":"teenused","status":"publish","type":"page","link":"https:\/\/www.raudviu.ee\/en\/teenused\/","title":{"rendered":"Services"},"content":{"rendered":"<div class=\"wpb-content-wrapper\"><p>[vc_row][vc_column][vc_column_text]<\/p>\n<h2><strong>We provide equipment and building design, manufacture, transport, and installation services<\/strong><\/h2>\n<p>Our team is made up of experienced specialists who have worked on a variety of projects in Estonia and elsewhere in Europe. Where necessary, we will engage our long-term partners for additional resources to ensure that larger projects, too, are completed quickly and successfully.<\/p>\n<p><span style=\"color: #333333;\"><strong>Our main fields of activity are:<\/strong><\/span><\/p>\n<ul>\n<li>Manufacture, assembly, and dismantling of industrial equipment and machinery\n<ul>\n<li>Chain and belt conveyors<\/li>\n<li>Screw conveyors and feeders<\/li>\n<li>Deicing conveyors<\/li>\n<li>Debarking machines<\/li>\n<li>Belt and chain feeders<\/li>\n<li>Silos and tanks<\/li>\n<li>Service platforms<\/li>\n<li>Biofuel handling equipment<\/li>\n<li>Other steel structures<\/li>\n<\/ul>\n<\/li>\n<li>Design, construction, and erection of non-residential buildings<\/li>\n<li>Maintenance and repair of industrial equipment<\/li>\n<\/ul>\n<p>[\/vc_column_text][\/vc_column][\/vc_row]<\/p>\n<\/div>","protected":false},"excerpt":{"rendered":"<p>[vc_row][vc_column][vc_column_text] We provide equipment and building design, manufacture, transport, and installation services Our team is made up of experienced specialists who have worked on a variety of projects in Estonia and elsewhere in Europe. Where necessary, we will engage our long-term partners for additional resources to ensure that larger projects, too, are completed quickly and<a href=\"https:\/\/www.raudviu.ee\/en\/teenused\/\" class=\"more-link\">Read More<\/a><\/p>\n","protected":false},"author":3,"featured_media":0,"parent":0,"menu_order":0,"comment_status":"closed","ping_status":"closed","template":"","meta":{"footnotes":""},"class_list":["post-2100","page","type-page","status-publish","hentry"],"yoast_head":"<!-- This site is optimized with the Yoast SEO plugin v26.5 - https:\/\/yoast.com\/wordpress\/plugins\/seo\/ -->\n<title>Services - Raudviu<\/title>\n<meta name=\"description\" content=\"Meie tegevusalad on t\u00f6\u00f6stuslike seadmete tootmine ja paigaldamine ning mitteeluhoonete projekteerimine, valmistamine ja p\u00fcstitamine\" \/>\n<meta name=\"robots\" content=\"index, follow, max-snippet:-1, max-image-preview:large, max-video-preview:-1\" \/>\n<link rel=\"canonical\" href=\"https:\/\/raudviu.ee\/en\/teenused\/\" \/>\n<meta property=\"og:locale\" content=\"en_US\" \/>\n<meta property=\"og:type\" content=\"article\" \/>\n<meta property=\"og:title\" content=\"Services - Raudviu\" \/>\n<meta property=\"og:description\" content=\"Meie tegevusalad on t\u00f6\u00f6stuslike seadmete tootmine ja paigaldamine ning mitteeluhoonete projekteerimine, valmistamine ja p\u00fcstitamine\" \/>\n<meta property=\"og:url\" content=\"https:\/\/raudviu.ee\/en\/teenused\/\" \/>\n<meta property=\"og:site_name\" content=\"Raudviu\" \/>\n<meta property=\"article:modified_time\" content=\"2020-01-13T08:55:43+00:00\" \/>\n<meta name=\"twitter:card\" content=\"summary_large_image\" \/>\n<meta name=\"twitter:label1\" content=\"Est. reading time\" \/>\n\t<meta name=\"twitter:data1\" content=\"1 minute\" \/>\n<script type=\"application\/ld+json\" class=\"yoast-schema-graph\">{\"@context\":\"https:\/\/schema.org\",\"@graph\":[{\"@type\":\"WebPage\",\"@id\":\"https:\/\/raudviu.ee\/en\/teenused\/\",\"url\":\"https:\/\/raudviu.ee\/en\/teenused\/\",\"name\":\"Services - Raudviu\",\"isPartOf\":{\"@id\":\"https:\/\/raudviu.ee\/#website\"},\"datePublished\":\"2019-10-21T08:23:43+00:00\",\"dateModified\":\"2020-01-13T08:55:43+00:00\",\"description\":\"Meie tegevusalad on t\u00f6\u00f6stuslike seadmete tootmine ja paigaldamine ning mitteeluhoonete projekteerimine, valmistamine ja p\u00fcstitamine\",\"breadcrumb\":{\"@id\":\"https:\/\/raudviu.ee\/en\/teenused\/#breadcrumb\"},\"inLanguage\":\"en-US\",\"potentialAction\":[{\"@type\":\"ReadAction\",\"target\":[\"https:\/\/raudviu.ee\/en\/teenused\/\"]}]},{\"@type\":\"BreadcrumbList\",\"@id\":\"https:\/\/raudviu.ee\/en\/teenused\/#breadcrumb\",\"itemListElement\":[{\"@type\":\"ListItem\",\"position\":1,\"name\":\"Home\",\"item\":\"https:\/\/raudviu.ee\/en\/\"},{\"@type\":\"ListItem\",\"position\":2,\"name\":\"Services\"}]},{\"@type\":\"WebSite\",\"@id\":\"https:\/\/raudviu.ee\/#website\",\"url\":\"https:\/\/raudviu.ee\/\",\"name\":\"Raudviu\",\"description\":\"\",\"publisher\":{\"@id\":\"https:\/\/raudviu.ee\/#organization\"},\"potentialAction\":[{\"@type\":\"SearchAction\",\"target\":{\"@type\":\"EntryPoint\",\"urlTemplate\":\"https:\/\/raudviu.ee\/?s={search_term_string}\"},\"query-input\":{\"@type\":\"PropertyValueSpecification\",\"valueRequired\":true,\"valueName\":\"search_term_string\"}}],\"inLanguage\":\"en-US\"},{\"@type\":\"Organization\",\"@id\":\"https:\/\/raudviu.ee\/#organization\",\"name\":\"Raudviu\",\"url\":\"https:\/\/raudviu.ee\/\",\"logo\":{\"@type\":\"ImageObject\",\"inLanguage\":\"en-US\",\"@id\":\"https:\/\/raudviu.ee\/#\/schema\/logo\/image\/\",\"url\":\"https:\/\/raudviu.ee\/wp-content\/uploads\/2019\/12\/apple-icon-144x144-1.png\",\"contentUrl\":\"https:\/\/raudviu.ee\/wp-content\/uploads\/2019\/12\/apple-icon-144x144-1.png\",\"width\":144,\"height\":144,\"caption\":\"Raudviu\"},\"image\":{\"@id\":\"https:\/\/raudviu.ee\/#\/schema\/logo\/image\/\"}}]}<\/script>\n<!-- \/ Yoast SEO plugin. -->","yoast_head_json":{"title":"Services - Raudviu","description":"Meie tegevusalad on t\u00f6\u00f6stuslike seadmete tootmine ja paigaldamine ning mitteeluhoonete projekteerimine, valmistamine ja p\u00fcstitamine","robots":{"index":"index","follow":"follow","max-snippet":"max-snippet:-1","max-image-preview":"max-image-preview:large","max-video-preview":"max-video-preview:-1"},"canonical":"https:\/\/raudviu.ee\/en\/teenused\/","og_locale":"en_US","og_type":"article","og_title":"Services - Raudviu","og_description":"Meie tegevusalad on t\u00f6\u00f6stuslike seadmete tootmine ja paigaldamine ning mitteeluhoonete projekteerimine, valmistamine ja p\u00fcstitamine","og_url":"https:\/\/raudviu.ee\/en\/teenused\/","og_site_name":"Raudviu","article_modified_time":"2020-01-13T08:55:43+00:00","twitter_card":"summary_large_image","twitter_misc":{"Est. reading time":"1 minute"},"schema":{"@context":"https:\/\/schema.org","@graph":[{"@type":"WebPage","@id":"https:\/\/raudviu.ee\/en\/teenused\/","url":"https:\/\/raudviu.ee\/en\/teenused\/","name":"Services - Raudviu","isPartOf":{"@id":"https:\/\/raudviu.ee\/#website"},"datePublished":"2019-10-21T08:23:43+00:00","dateModified":"2020-01-13T08:55:43+00:00","description":"Meie tegevusalad on t\u00f6\u00f6stuslike seadmete tootmine ja paigaldamine ning mitteeluhoonete projekteerimine, valmistamine ja p\u00fcstitamine","breadcrumb":{"@id":"https:\/\/raudviu.ee\/en\/teenused\/#breadcrumb"},"inLanguage":"en-US","potentialAction":[{"@type":"ReadAction","target":["https:\/\/raudviu.ee\/en\/teenused\/"]}]},{"@type":"BreadcrumbList","@id":"https:\/\/raudviu.ee\/en\/teenused\/#breadcrumb","itemListElement":[{"@type":"ListItem","position":1,"name":"Home","item":"https:\/\/raudviu.ee\/en\/"},{"@type":"ListItem","position":2,"name":"Services"}]},{"@type":"WebSite","@id":"https:\/\/raudviu.ee\/#website","url":"https:\/\/raudviu.ee\/","name":"Raudviu","description":"","publisher":{"@id":"https:\/\/raudviu.ee\/#organization"},"potentialAction":[{"@type":"SearchAction","target":{"@type":"EntryPoint","urlTemplate":"https:\/\/raudviu.ee\/?s={search_term_string}"},"query-input":{"@type":"PropertyValueSpecification","valueRequired":true,"valueName":"search_term_string"}}],"inLanguage":"en-US"},{"@type":"Organization","@id":"https:\/\/raudviu.ee\/#organization","name":"Raudviu","url":"https:\/\/raudviu.ee\/","logo":{"@type":"ImageObject","inLanguage":"en-US","@id":"https:\/\/raudviu.ee\/#\/schema\/logo\/image\/","url":"https:\/\/raudviu.ee\/wp-content\/uploads\/2019\/12\/apple-icon-144x144-1.png","contentUrl":"https:\/\/raudviu.ee\/wp-content\/uploads\/2019\/12\/apple-icon-144x144-1.png","width":144,"height":144,"caption":"Raudviu"},"image":{"@id":"https:\/\/raudviu.ee\/#\/schema\/logo\/image\/"}}]}},"_links":{"self":[{"href":"https:\/\/www.raudviu.ee\/en\/wp-json\/wp\/v2\/pages\/2100","targetHints":{"allow":["GET"]}}],"collection":[{"href":"https:\/\/www.raudviu.ee\/en\/wp-json\/wp\/v2\/pages"}],"about":[{"href":"https:\/\/www.raudviu.ee\/en\/wp-json\/wp\/v2\/types\/page"}],"author":[{"embeddable":true,"href":"https:\/\/www.raudviu.ee\/en\/wp-json\/wp\/v2\/users\/3"}],"replies":[{"embeddable":true,"href":"https:\/\/www.raudviu.ee\/en\/wp-json\/wp\/v2\/comments?post=2100"}],"version-history":[{"count":2,"href":"https:\/\/www.raudviu.ee\/en\/wp-json\/wp\/v2\/pages\/2100\/revisions"}],"predecessor-version":[{"id":2102,"href":"https:\/\/www.raudviu.ee\/en\/wp-json\/wp\/v2\/pages\/2100\/revisions\/2102"}],"wp:attachment":[{"href":"https:\/\/www.raudviu.ee\/en\/wp-json\/wp\/v2\/media?parent=2100"}],"curies":[{"name":"wp","href":"https:\/\/api.w.org\/{rel}","templated":true}]}}