{"id":1963,"date":"2020-01-06T12:37:12","date_gmt":"2020-01-06T12:37:12","guid":{"rendered":"http:\/\/projects.indiead.ee\/raudviu\/?page_id=1963"},"modified":"2021-02-04T13:45:11","modified_gmt":"2021-02-04T13:45:11","slug":"referenssit","status":"publish","type":"page","link":"https:\/\/raudviu.ee\/fi\/referenssit\/","title":{"rendered":"Referenssit"},"content":{"rendered":"<div class=\"wpb-content-wrapper\"><p>[vc_row][vc_column][vc_empty_space][vc_column_text]<\/p>\n<table width=\"980\">\n<tbody>\n<tr>\n<td width=\"68\">Aika<\/td>\n<td width=\"146\">Paikka<\/td>\n<td colspan=\"2\" width=\"456\">Projekti<\/td>\n<td colspan=\"2\" width=\"310\">Ty\u00f6<\/td>\n<\/tr>\n<tr>\n<td>2020<\/td>\n<td>Alizay, Ranska<\/td>\n<td colspan=\"2\">Kuljettimien uusinta, 274000 kg<\/td>\n<td colspan=\"2\">Purkku, asennus<\/td>\n<\/tr>\n<tr>\n<td>2020<\/td>\n<td>Oulu, Suomi<\/td>\n<td colspan=\"2\">Hakesiilot, k\u00e4sittelylaitteet, 725000 kg<\/td>\n<td colspan=\"2\">Kasaus<\/td>\n<\/tr>\n<tr>\n<td>2020<\/td>\n<td>Kemi, Suomi<\/td>\n<td colspan=\"2\">Sulatuskuljettimen remontti<\/td>\n<td colspan=\"2\">Valmistus, purkku, asennus<\/td>\n<\/tr>\n<tr>\n<td>2020<\/td>\n<td>Laanila, Suomi<\/td>\n<td colspan=\"2\">Ter\u00e4ssiilo<\/td>\n<td colspan=\"2\">Valmistus, asennus<\/td>\n<\/tr>\n<tr>\n<td>2020<\/td>\n<td>Sein\u00e4joki, Suomi<\/td>\n<td colspan=\"2\">Biopolttoaineen k\u00e4sittelylaitteet, siilot, rakennukset<\/td>\n<td colspan=\"2\">Valmistus, asennus<\/td>\n<\/tr>\n<tr>\n<tr>\n<td>2019<\/td>\n<td>Nym\u00f6lla, Ruotsi<\/td>\n<td colspan=\"2\">Kuorintarummun vaihto, 283000 kg<\/td>\n<td colspan=\"2\">Purku, asennus<\/td>\n<\/tr>\n<tr>\n<td>2019<\/td>\n<td>P\u00e4rnu, Viro<\/td>\n<td colspan=\"2\">Huoltoty\u00f6t<\/td>\n<td colspan=\"2\">Huoltoty\u00f6t<\/td>\n<\/tr>\n<tr>\n<td>2019<\/td>\n<td>Tartto, Viro<\/td>\n<td colspan=\"2\">Huoltoty\u00f6t<\/td>\n<td colspan=\"2\">Huoltoty\u00f6t<\/td>\n<\/tr>\n<tr>\n<td>2019<\/td>\n<td>Tallinna, Viro<\/td>\n<td colspan=\"2\">Huoltoty\u00f6t<\/td>\n<td colspan=\"2\">Huoltoty\u00f6t<\/td>\n<\/tr>\n<tr>\n<td>2019<\/td>\n<td>Kivenlahti, Suomi<\/td>\n<td colspan=\"2\">Biopolttoaineen k\u00e4sittelylaitteiden ja siilojen asennus, 370000kg<\/td>\n<td colspan=\"2\">Valmistus, asennus<\/td>\n<\/tr>\n<tr>\n<td>2019<\/td>\n<td>Kivenlahti, Suomi<\/td>\n<td colspan=\"2\">Biopolttoaineen vastaanotto- ja seulontarakennus<\/td>\n<td colspan=\"2\">Suunnittelu, valmistus, asennus<\/td>\n<\/tr>\n<tr>\n<td>2018<\/td>\n<td>Heinola, Suomi<\/td>\n<td colspan=\"2\">Polttoaineen k\u00e4sittelylaitteiden p\u00e4ivitys l\u00e4mp\u00f6keskuksessa<\/td>\n<td colspan=\"2\">Purku, asennus<\/td>\n<\/tr>\n<tr>\n<td>2018<\/td>\n<td>Tallinna, Viro<\/td>\n<td colspan=\"2\">Huoltoty\u00f6t<\/td>\n<td colspan=\"2\">Huoltoty\u00f6t<\/td>\n<\/tr>\n<tr>\n<td>2018<\/td>\n<td>Naantali, Suomi<\/td>\n<td colspan=\"2\">Biopolttoaineen vastaanotto-, seulonta- ja s\u00e4hk\u00f6rakennukset<\/td>\n<td colspan=\"2\">Suunnittelu, valmistus, asennus<\/td>\n<\/tr>\n<tr>\n<td>2018<\/td>\n<td>Tallinna, Viro<\/td>\n<td colspan=\"2\">Varastorakennuksen ter\u00e4srunko<\/td>\n<td colspan=\"2\">Suunnittelu, valmistus<\/td>\n<\/tr>\n<tr>\n<td>2018<\/td>\n<td>Kalundborg, Tanska<\/td>\n<td colspan=\"2\">Biopolttoaineen n\u00e4ytteenotto- ja seulontarakennukset, siilos\u00e4ili\u00f6n katto<\/td>\n<td colspan=\"2\">Suunnittelu, valmistus, asennus<\/td>\n<\/tr>\n<tr>\n<td>2018<\/td>\n<td>P\u00e4rnu, Viro<\/td>\n<td colspan=\"2\">Huoltoty\u00f6t<\/td>\n<td colspan=\"2\">Huoltoty\u00f6t<\/td>\n<\/tr>\n<tr>\n<td>2018<\/td>\n<td>Tallinna, Viro<\/td>\n<td colspan=\"2\">Kuljetuskiskot betoniteollisuudelle<\/td>\n<td colspan=\"2\">Valmistus<\/td>\n<\/tr>\n<tr>\n<td>2018<\/td>\n<td>V\u00e4steras, Ruotsi<\/td>\n<td colspan=\"2\">Biopolttoaineen vastaanotto-, seulonta-, silppurirakennukset Siilon katto<\/td>\n<td colspan=\"2\">Suunnittelu, valmistus, asennus<\/td>\n<\/tr>\n<tr>\n<td>2018<\/td>\n<td>Kaipola, Suomi<\/td>\n<td colspan=\"2\">Biopolttoaineen k\u00e4sittelylaitteiden asennus, 93000 kg<\/td>\n<td colspan=\"2\">Asennus<\/td>\n<\/tr>\n<tr>\n<td>2017<\/td>\n<td>Tallinna, Viro<\/td>\n<td colspan=\"2\">Huoltoty\u00f6t<\/td>\n<td colspan=\"2\">Huoltoty\u00f6t<\/td>\n<\/tr>\n<tr>\n<td>2017<\/td>\n<td>Tallinna, Viro<\/td>\n<td colspan=\"2\">Ketjukuljettimien ketjupy\u00f6rien valmistaminen, 28 kpl<\/td>\n<td colspan=\"2\">Valmistus<\/td>\n<\/tr>\n<tr>\n<td>2017<\/td>\n<td>P\u00e4rnu, Viro<\/td>\n<td colspan=\"2\">Huoltoty\u00f6t<\/td>\n<td colspan=\"2\">Huoltoty\u00f6t<\/td>\n<\/tr>\n<tr>\n<td>2017<\/td>\n<td>Pite\u00e4, Ruotsi<\/td>\n<td colspan=\"2\">Biopolttoaineen seulontalaitteiden p\u00e4ivitys, 211000 kg<\/td>\n<td colspan=\"2\">Purku, asennus<\/td>\n<\/tr>\n<tr>\n<td>2017<\/td>\n<td>\u00c4\u00e4nekoski, Suomi<\/td>\n<td colspan=\"2\">Hihnakuljettimien valmistus ja asennus, 60000 kg<\/td>\n<td colspan=\"2\">Valmistus, asennus<\/td>\n<\/tr>\n<tr>\n<td>2017<\/td>\n<td>G\u00f6teborg, Ruotsi<\/td>\n<td colspan=\"2\">Siilon katon valmistus ja asennus<\/td>\n<td colspan=\"2\">Valmistus, asennus<\/td>\n<\/tr>\n<tr>\n<td>2017<\/td>\n<td>G\u00f6teborg, Ruotsi<\/td>\n<td colspan=\"2\">Biopolttoaineen kuljetuslaitteiden asennus, 29000 kg<\/td>\n<td colspan=\"2\">Asennus<\/td>\n<\/tr>\n<tr>\n<td>2017<\/td>\n<td>J\u00e4rvenp\u00e4\u00e4, Suomi<\/td>\n<td colspan=\"2\">Eristysty\u00f6t<\/td>\n<td colspan=\"2\">Asennus<\/td>\n<\/tr>\n<tr>\n<td>2017<\/td>\n<td>Venizel, Ranska<\/td>\n<td colspan=\"2\">D10V400-ter\u00e4ssiilon valmistus ja asennus<\/td>\n<td colspan=\"2\">Valmistus, asennus<\/td>\n<\/tr>\n<tr>\n<td>2017<\/td>\n<td>Venizel, Ranska<\/td>\n<td colspan=\"2\">Siilon katon valmistus ja asennus<\/td>\n<td colspan=\"2\">Valmistus, asennus<\/td>\n<\/tr>\n<tr>\n<td>2017<\/td>\n<td>Vantaa, Suomi<\/td>\n<td colspan=\"2\">Biopolttoaineen vastaanotto- ja seulontarakennus. 2 polttoainesiilon kattoa<\/td>\n<td colspan=\"2\">Valmistus, asennus<\/td>\n<\/tr>\n<tr>\n<td>2017<\/td>\n<td>Uppsala, Ruotsi<\/td>\n<td colspan=\"2\">Biopolttoainesiilon katto ja k\u00e4sittelylaitteet<\/td>\n<td colspan=\"2\">Valmistus, asennus<\/td>\n<\/tr>\n<tr>\n<td>2016<\/td>\n<td>Uusikaupunki, Suomi<\/td>\n<td colspan=\"2\">Hihnakuljettimien ja lannoitteen k\u00e4sittelylaitteiden asennus, 345000 kg<\/td>\n<td colspan=\"2\">Asennus<\/td>\n<\/tr>\n<tr>\n<td>2016<\/td>\n<td>R\u00f8nne, Tanska<\/td>\n<td colspan=\"2\">Biopolttoaineen kuljetus- ja k\u00e4sittelylaitteiden asennus. 383000 kg<\/td>\n<td colspan=\"2\">Asennus<\/td>\n<\/tr>\n<tr>\n<td>2016<\/td>\n<td>P\u00e4rnu, Viro<\/td>\n<td colspan=\"2\">Huoltoty\u00f6t<\/td>\n<td colspan=\"2\">Huoltoty\u00f6t<\/td>\n<\/tr>\n<tr>\n<td>2016<\/td>\n<td>Tallinna, Viro<\/td>\n<td colspan=\"2\">Huoltoty\u00f6t<\/td>\n<td colspan=\"2\">Huoltoty\u00f6t<\/td>\n<\/tr>\n<tr>\n<td>2016<\/td>\n<td>Tartto, Viro<\/td>\n<td colspan=\"2\">Huoltoty\u00f6t<\/td>\n<td colspan=\"2\">Huoltoty\u00f6t<\/td>\n<\/tr>\n<tr>\n<td>2016<\/td>\n<td>\u00c4\u00e4nekoski, Suomi<\/td>\n<td colspan=\"2\">Ketju- ja hihnahissien valmistus<\/td>\n<td colspan=\"2\">Valmistus<\/td>\n<\/tr>\n<tr>\n<td>2016<\/td>\n<td>Tallinna, Viro<\/td>\n<td colspan=\"2\">Hihnakuljettimien valmistus, 44000 kg<\/td>\n<td colspan=\"2\">Valmistus<\/td>\n<\/tr>\n<tr>\n<td>2016<\/td>\n<td>Mikkeli, Suomi<\/td>\n<td colspan=\"2\">Biopolttoaineen vastaanotto- ja seulontarakennukset. Biopolttoainesiilo<\/td>\n<td colspan=\"2\">Suunnittelu, valmistus, asennus<\/td>\n<\/tr>\n<tr>\n<td>2016<\/td>\n<td>Zabrze, Puola<\/td>\n<td colspan=\"2\">Biopolttoainesiilon katto D = 27000. 68000 kg<\/td>\n<td colspan=\"2\">Valmistus, asennus<\/td>\n<\/tr>\n<tr>\n<td>2016<\/td>\n<td>Boras, Ruotsi<\/td>\n<td colspan=\"2\">Biopolttoainesiilon katto D = 22500, 2 kpl 80000 kg<\/td>\n<td colspan=\"2\">Valmistus, asennus<\/td>\n<\/tr>\n<tr>\n<td>2016<\/td>\n<td>Salmisaari, Soome<\/td>\n<td colspan=\"2\">Ter\u00e4ssiilojen valmistus, 8 kpl, 136000 kg<\/td>\n<td colspan=\"2\">Valmistus<\/td>\n<\/tr>\n<tr>\n<td>2016<\/td>\n<td>Espoo, Suomi<\/td>\n<td colspan=\"2\">Kivihiilen sy\u00f6tt\u00f6laitteiden pohjalevyjen vaihto<\/td>\n<td colspan=\"2\">Suunnittelu, valmistus, asennus<\/td>\n<\/tr>\n<tr>\n<td>2015<\/td>\n<td>Tallinna, Viro<\/td>\n<td colspan=\"2\">Huoltoty\u00f6t<\/td>\n<td colspan=\"2\">Huoltoty\u00f6t<\/td>\n<\/tr>\n<tr>\n<td>2015<\/td>\n<td>Tartto, Viro<\/td>\n<td colspan=\"2\">Huoltoty\u00f6t<\/td>\n<td colspan=\"2\">Huoltoty\u00f6t<\/td>\n<\/tr>\n<tr>\n<td>2015<\/td>\n<td>P\u00e4rnu, Viro<\/td>\n<td colspan=\"2\">Huoltoty\u00f6t<\/td>\n<td colspan=\"2\">Huoltoty\u00f6t<\/td>\n<\/tr>\n<tr>\n<td>2015<\/td>\n<td>V\u00e4steras, Ruotsi<\/td>\n<td colspan=\"2\">J\u00e4tekuljettimen ilmastointikanava, 110000 kg<\/td>\n<td colspan=\"2\">Projektinhallinta<\/td>\n<\/tr>\n<tr>\n<td>2015<\/td>\n<td>Nokia, Suomi<\/td>\n<td colspan=\"2\">Biopolttoaineen vastaanotto- ja seulontarakennukset. Siilon katto ja seinien p\u00e4\u00e4llystys<\/td>\n<td colspan=\"2\">Suunnittelu, valmistus, asennus<\/td>\n<\/tr>\n<tr>\n<td>2015<\/td>\n<td>Pite\u00e4, Ruotsi<\/td>\n<td colspan=\"2\">Kuorenpoistorummun ja laitteiden asennus, 545000 kg<\/td>\n<td colspan=\"2\">Asennus<\/td>\n<\/tr>\n<tr>\n<td>2015<\/td>\n<td>\u00c4\u00e4nekoski, Suomi<\/td>\n<td colspan=\"2\">Kuljetinlinjojen vaihto<\/td>\n<td colspan=\"2\">Valmistus, purku, kasaus<\/td>\n<\/tr>\n<\/tbody>\n<\/table>\n<p>[\/vc_column_text][\/vc_column][\/vc_row]<\/p>\n<\/div>","protected":false},"excerpt":{"rendered":"<p>[vc_row][vc_column][vc_empty_space][vc_column_text] Aika Paikka Projekti Ty\u00f6 2020 Alizay, Ranska Kuljettimien uusinta, 274000 kg Purkku, asennus 2020 Oulu, Suomi Hakesiilot, k\u00e4sittelylaitteet, 725000 kg Kasaus 2020 Kemi, Suomi Sulatuskuljettimen remontti Valmistus, purkku, asennus 2020 Laanila, Suomi Ter\u00e4ssiilo Valmistus, asennus 2020 Sein\u00e4joki, Suomi Biopolttoaineen k\u00e4sittelylaitteet, siilot, rakennukset Valmistus, asennus 2019 Nym\u00f6lla, Ruotsi Kuorintarummun vaihto, 283000 kg Purku, asennus 2019<a href=\"https:\/\/raudviu.ee\/fi\/referenssit\/\" class=\"more-link\">Read More<\/a><\/p>\n","protected":false},"author":3,"featured_media":0,"parent":0,"menu_order":0,"comment_status":"closed","ping_status":"closed","template":"","meta":{"footnotes":""},"class_list":["post-1963","page","type-page","status-publish","hentry"],"yoast_head":"<!-- This site is optimized with the Yoast SEO plugin v26.5 - https:\/\/yoast.com\/wordpress\/plugins\/seo\/ -->\n<title>Referenssit - Raudviu<\/title>\n<meta name=\"description\" content=\"Meie tegevusalad on t\u00f6\u00f6stuslike seadmete tootmine ja paigaldamine ning mitteeluhoonete projekteerimine, valmistamine ja p\u00fcstitamine\" \/>\n<meta name=\"robots\" content=\"index, follow, max-snippet:-1, max-image-preview:large, max-video-preview:-1\" \/>\n<link rel=\"canonical\" href=\"https:\/\/www.raudviu.ee\/fi\/referenssit\/\" \/>\n<meta property=\"og:locale\" content=\"fi_FI\" \/>\n<meta property=\"og:type\" content=\"article\" \/>\n<meta property=\"og:title\" content=\"Referenssit - Raudviu\" \/>\n<meta property=\"og:description\" content=\"Meie tegevusalad on t\u00f6\u00f6stuslike seadmete tootmine ja paigaldamine ning mitteeluhoonete projekteerimine, valmistamine ja p\u00fcstitamine\" \/>\n<meta property=\"og:url\" content=\"https:\/\/www.raudviu.ee\/fi\/referenssit\/\" \/>\n<meta property=\"og:site_name\" content=\"Raudviu\" \/>\n<meta property=\"article:modified_time\" content=\"2021-02-04T13:45:11+00:00\" \/>\n<meta name=\"twitter:card\" content=\"summary_large_image\" \/>\n<meta name=\"twitter:label1\" content=\"Arvioitu lukuaika\" \/>\n\t<meta name=\"twitter:data1\" content=\"2 minuuttia\" \/>\n<script type=\"application\/ld+json\" class=\"yoast-schema-graph\">{\"@context\":\"https:\/\/schema.org\",\"@graph\":[{\"@type\":\"WebPage\",\"@id\":\"https:\/\/www.raudviu.ee\/fi\/referenssit\/\",\"url\":\"https:\/\/www.raudviu.ee\/fi\/referenssit\/\",\"name\":\"Referenssit - Raudviu\",\"isPartOf\":{\"@id\":\"https:\/\/raudviu.ee\/#website\"},\"datePublished\":\"2020-01-06T12:37:12+00:00\",\"dateModified\":\"2021-02-04T13:45:11+00:00\",\"description\":\"Meie tegevusalad on t\u00f6\u00f6stuslike seadmete tootmine ja paigaldamine ning mitteeluhoonete projekteerimine, valmistamine ja p\u00fcstitamine\",\"breadcrumb\":{\"@id\":\"https:\/\/www.raudviu.ee\/fi\/referenssit\/#breadcrumb\"},\"inLanguage\":\"fi\",\"potentialAction\":[{\"@type\":\"ReadAction\",\"target\":[\"https:\/\/www.raudviu.ee\/fi\/referenssit\/\"]}]},{\"@type\":\"BreadcrumbList\",\"@id\":\"https:\/\/www.raudviu.ee\/fi\/referenssit\/#breadcrumb\",\"itemListElement\":[{\"@type\":\"ListItem\",\"position\":1,\"name\":\"Home\",\"item\":\"https:\/\/raudviu.ee\/fi\/\"},{\"@type\":\"ListItem\",\"position\":2,\"name\":\"Referenssit\"}]},{\"@type\":\"WebSite\",\"@id\":\"https:\/\/raudviu.ee\/#website\",\"url\":\"https:\/\/raudviu.ee\/\",\"name\":\"Raudviu\",\"description\":\"\",\"publisher\":{\"@id\":\"https:\/\/raudviu.ee\/#organization\"},\"potentialAction\":[{\"@type\":\"SearchAction\",\"target\":{\"@type\":\"EntryPoint\",\"urlTemplate\":\"https:\/\/raudviu.ee\/?s={search_term_string}\"},\"query-input\":{\"@type\":\"PropertyValueSpecification\",\"valueRequired\":true,\"valueName\":\"search_term_string\"}}],\"inLanguage\":\"fi\"},{\"@type\":\"Organization\",\"@id\":\"https:\/\/raudviu.ee\/#organization\",\"name\":\"Raudviu\",\"url\":\"https:\/\/raudviu.ee\/\",\"logo\":{\"@type\":\"ImageObject\",\"inLanguage\":\"fi\",\"@id\":\"https:\/\/raudviu.ee\/#\/schema\/logo\/image\/\",\"url\":\"https:\/\/raudviu.ee\/wp-content\/uploads\/2019\/12\/apple-icon-144x144-1.png\",\"contentUrl\":\"https:\/\/raudviu.ee\/wp-content\/uploads\/2019\/12\/apple-icon-144x144-1.png\",\"width\":144,\"height\":144,\"caption\":\"Raudviu\"},\"image\":{\"@id\":\"https:\/\/raudviu.ee\/#\/schema\/logo\/image\/\"}}]}<\/script>\n<!-- \/ Yoast SEO plugin. -->","yoast_head_json":{"title":"Referenssit - Raudviu","description":"Meie tegevusalad on t\u00f6\u00f6stuslike seadmete tootmine ja paigaldamine ning mitteeluhoonete projekteerimine, valmistamine ja p\u00fcstitamine","robots":{"index":"index","follow":"follow","max-snippet":"max-snippet:-1","max-image-preview":"max-image-preview:large","max-video-preview":"max-video-preview:-1"},"canonical":"https:\/\/www.raudviu.ee\/fi\/referenssit\/","og_locale":"fi_FI","og_type":"article","og_title":"Referenssit - Raudviu","og_description":"Meie tegevusalad on t\u00f6\u00f6stuslike seadmete tootmine ja paigaldamine ning mitteeluhoonete projekteerimine, valmistamine ja p\u00fcstitamine","og_url":"https:\/\/www.raudviu.ee\/fi\/referenssit\/","og_site_name":"Raudviu","article_modified_time":"2021-02-04T13:45:11+00:00","twitter_card":"summary_large_image","twitter_misc":{"Arvioitu lukuaika":"2 minuuttia"},"schema":{"@context":"https:\/\/schema.org","@graph":[{"@type":"WebPage","@id":"https:\/\/www.raudviu.ee\/fi\/referenssit\/","url":"https:\/\/www.raudviu.ee\/fi\/referenssit\/","name":"Referenssit - Raudviu","isPartOf":{"@id":"https:\/\/raudviu.ee\/#website"},"datePublished":"2020-01-06T12:37:12+00:00","dateModified":"2021-02-04T13:45:11+00:00","description":"Meie tegevusalad on t\u00f6\u00f6stuslike seadmete tootmine ja paigaldamine ning mitteeluhoonete projekteerimine, valmistamine ja p\u00fcstitamine","breadcrumb":{"@id":"https:\/\/www.raudviu.ee\/fi\/referenssit\/#breadcrumb"},"inLanguage":"fi","potentialAction":[{"@type":"ReadAction","target":["https:\/\/www.raudviu.ee\/fi\/referenssit\/"]}]},{"@type":"BreadcrumbList","@id":"https:\/\/www.raudviu.ee\/fi\/referenssit\/#breadcrumb","itemListElement":[{"@type":"ListItem","position":1,"name":"Home","item":"https:\/\/raudviu.ee\/fi\/"},{"@type":"ListItem","position":2,"name":"Referenssit"}]},{"@type":"WebSite","@id":"https:\/\/raudviu.ee\/#website","url":"https:\/\/raudviu.ee\/","name":"Raudviu","description":"","publisher":{"@id":"https:\/\/raudviu.ee\/#organization"},"potentialAction":[{"@type":"SearchAction","target":{"@type":"EntryPoint","urlTemplate":"https:\/\/raudviu.ee\/?s={search_term_string}"},"query-input":{"@type":"PropertyValueSpecification","valueRequired":true,"valueName":"search_term_string"}}],"inLanguage":"fi"},{"@type":"Organization","@id":"https:\/\/raudviu.ee\/#organization","name":"Raudviu","url":"https:\/\/raudviu.ee\/","logo":{"@type":"ImageObject","inLanguage":"fi","@id":"https:\/\/raudviu.ee\/#\/schema\/logo\/image\/","url":"https:\/\/raudviu.ee\/wp-content\/uploads\/2019\/12\/apple-icon-144x144-1.png","contentUrl":"https:\/\/raudviu.ee\/wp-content\/uploads\/2019\/12\/apple-icon-144x144-1.png","width":144,"height":144,"caption":"Raudviu"},"image":{"@id":"https:\/\/raudviu.ee\/#\/schema\/logo\/image\/"}}]}},"_links":{"self":[{"href":"https:\/\/raudviu.ee\/fi\/wp-json\/wp\/v2\/pages\/1963","targetHints":{"allow":["GET"]}}],"collection":[{"href":"https:\/\/raudviu.ee\/fi\/wp-json\/wp\/v2\/pages"}],"about":[{"href":"https:\/\/raudviu.ee\/fi\/wp-json\/wp\/v2\/types\/page"}],"author":[{"embeddable":true,"href":"https:\/\/raudviu.ee\/fi\/wp-json\/wp\/v2\/users\/3"}],"replies":[{"embeddable":true,"href":"https:\/\/raudviu.ee\/fi\/wp-json\/wp\/v2\/comments?post=1963"}],"version-history":[{"count":5,"href":"https:\/\/raudviu.ee\/fi\/wp-json\/wp\/v2\/pages\/1963\/revisions"}],"predecessor-version":[{"id":2447,"href":"https:\/\/raudviu.ee\/fi\/wp-json\/wp\/v2\/pages\/1963\/revisions\/2447"}],"wp:attachment":[{"href":"https:\/\/raudviu.ee\/fi\/wp-json\/wp\/v2\/media?parent=1963"}],"curies":[{"name":"wp","href":"https:\/\/api.w.org\/{rel}","templated":true}]}}